{"id":7858,"date":"2024-09-24T21:48:35","date_gmt":"2024-09-24T19:48:35","guid":{"rendered":"https:\/\/www.emmabaus.com\/contact\/"},"modified":"2024-09-26T17:30:03","modified_gmt":"2024-09-26T15:30:03","slug":"contact","status":"publish","type":"page","link":"https:\/\/www.emmabaus.com\/en\/contact\/","title":{"rendered":"Contact"},"content":{"rendered":"<p>[et_pb_section fb_built=&#8221;1&#8243; admin_label=&#8221;Biographie&#8221; _builder_version=&#8221;4.16&#8243; custom_margin=&#8221;|||&#8221; custom_padding=&#8221;60px|0px|0px|0px|false|false&#8221; global_colors_info=&#8221;{}&#8221; theme_builder_area=&#8221;post_content&#8221;][et_pb_row admin_label=&#8221;Row&#8221; _builder_version=&#8221;4.16&#8243; background_size=&#8221;initial&#8221; background_position=&#8221;top_left&#8221; background_repeat=&#8221;repeat&#8221; custom_margin=&#8221;0px|auto||auto||&#8221; custom_padding=&#8221;0px||||false|false&#8221; global_colors_info=&#8221;{}&#8221; theme_builder_area=&#8221;post_content&#8221;][et_pb_column type=&#8221;4_4&#8243; _builder_version=&#8221;4.16&#8243; custom_padding=&#8221;|||&#8221; global_colors_info=&#8221;{}&#8221; custom_padding__hover=&#8221;|||&#8221; theme_builder_area=&#8221;post_content&#8221;][et_pb_text admin_label=&#8221;H1&#8243; _builder_version=&#8221;4.16&#8243; text_font=&#8221;Montserrat||||||||&#8221; text_text_color=&#8221;#000000&#8243; text_line_height=&#8221;1em&#8221; header_font=&#8221;Playfair Display|900|||||||&#8221; header_text_align=&#8221;left&#8221; header_text_color=&#8221;#000000&#8243; background_size=&#8221;initial&#8221; background_position=&#8221;top_left&#8221; background_repeat=&#8221;repeat&#8221; custom_margin=&#8221;0px||70px|||&#8221; custom_padding=&#8221;0px||0px&#8221; animation_direction=&#8221;bottom&#8221; custom_css_after=&#8221;content: %22%22;||display: block;||width: 60px;||height: 7px;||background-color: #0C6D5C;||margin-top: 17px;&#8221; global_colors_info=&#8221;{}&#8221; text_letter_spacing__hover_enabled=&#8221;on&#8221; theme_builder_area=&#8221;post_content&#8221;]<\/p>\n<h1>Emma Baus<\/h1>\n<p>[\/et_pb_text][et_pb_text admin_label=&#8221;H2&#8243; _builder_version=&#8221;4.16&#8243; text_font=&#8221;Montserrat||||||||&#8221; text_text_color=&#8221;#000000&#8243; text_line_height=&#8221;1em&#8221; header_font=&#8221;Playfair Display|900|||||||&#8221; header_text_align=&#8221;left&#8221; header_text_color=&#8221;#000000&#8243; header_2_font=&#8221;Montserrat|700|||||||&#8221; header_2_text_align=&#8221;left&#8221; header_2_text_color=&#8221;#000000&#8243; header_2_font_size=&#8221;30px&#8221; background_size=&#8221;initial&#8221; background_position=&#8221;top_left&#8221; background_repeat=&#8221;repeat&#8221; custom_margin=&#8221;0px||35px|||&#8221; custom_padding=&#8221;0px||0px&#8221; animation_direction=&#8221;bottom&#8221; global_colors_info=&#8221;{}&#8221; text_letter_spacing__hover_enabled=&#8221;on&#8221; theme_builder_area=&#8221;post_content&#8221;]<\/p>\n<h2>Contact<\/h2>\n<p>[\/et_pb_text][\/et_pb_column][\/et_pb_row][et_pb_row _builder_version=&#8221;4.16&#8243; module_alignment=&#8221;center&#8221; custom_margin=&#8221;0px|auto|0px|auto||&#8221; custom_padding=&#8221;0px||0px&#8221; global_colors_info=&#8221;{}&#8221; theme_builder_area=&#8221;post_content&#8221;][et_pb_column type=&#8221;4_4&#8243; _builder_version=&#8221;4.16&#8243; custom_padding=&#8221;|||&#8221; global_colors_info=&#8221;{}&#8221; custom_padding__hover=&#8221;|||&#8221; theme_builder_area=&#8221;post_content&#8221;][et_pb_contact_form email=&#8221;emmabaus@yahoo.fr&#8221; custom_message=&#8221;De : %%Civilite%% %%Prenom%% %%Name%%||et_pb_line_break_holder||Soci\u00e9t\u00e9 : %%Societe%%||et_pb_line_break_holder||Email : %%Email%%||et_pb_line_break_holder||Num\u00e9ro de t\u00e9l\u00e9phone : %%Telephone%%||et_pb_line_break_holder||||et_pb_line_break_holder||Corps du message :||et_pb_line_break_holder||%%Message%%||et_pb_line_break_holder||||et_pb_line_break_holder||&#8211; ||et_pb_line_break_holder||Cet e-mail a \u00e9t\u00e9 envoy\u00e9 via le formulaire de contact de Emma Baus (http:\/\/www.emmabaus.com)&#8221; success_message=&#8221;Thank you for your message. It has been sent.&#8221; submit_button_text=&#8221;SEND&#8221; _builder_version=&#8221;4.22.1&#8243; _module_preset=&#8221;default&#8221; _unique_id=&#8221;e9951577-b0e3-4b0c-b932-900da7b4e1ac&#8221; form_field_background_color=&#8221;#FFFFFF&#8221; form_field_text_color=&#8221;#000000&#8243; form_field_focus_background_color=&#8221;#eeeeee&#8221; form_field_focus_text_color=&#8221;#000000&#8243; border_width_all=&#8221;1px&#8221; border_color_all=&#8221;#9f9f9f&#8221; global_colors_info=&#8221;{}&#8221; theme_builder_area=&#8221;post_content&#8221;][et_pb_contact_field field_id=&#8221;Civilite&#8221; field_title=&#8221;Civility&#8221; field_type=&#8221;select&#8221; select_options=&#8221;%91{%22value%22:%22Mr%22,%22checked%22:0,%22dragID%22:-1},{%22dragID%22:0,%22value%22:%22Mrs%22,%22checked%22:0}%93&#8243; required_mark=&#8221;off&#8221; _builder_version=&#8221;4.16&#8243; _module_preset=&#8221;default&#8221; global_colors_info=&#8221;{}&#8221; theme_builder_area=&#8221;post_content&#8221;][\/et_pb_contact_field][et_pb_contact_field field_id=&#8221;Name&#8221; field_title=&#8221;Name*&#8221; _builder_version=&#8221;4.16&#8243; global_colors_info=&#8221;{}&#8221; button_text_size__hover_enabled=&#8221;off&#8221; button_one_text_size__hover_enabled=&#8221;off&#8221; button_two_text_size__hover_enabled=&#8221;off&#8221; button_text_color__hover_enabled=&#8221;off&#8221; button_one_text_color__hover_enabled=&#8221;off&#8221; button_two_text_color__hover_enabled=&#8221;off&#8221; button_border_width__hover_enabled=&#8221;off&#8221; button_one_border_width__hover_enabled=&#8221;off&#8221; button_two_border_width__hover_enabled=&#8221;off&#8221; button_border_color__hover_enabled=&#8221;off&#8221; button_one_border_color__hover_enabled=&#8221;off&#8221; button_two_border_color__hover_enabled=&#8221;off&#8221; button_border_radius__hover_enabled=&#8221;off&#8221; button_one_border_radius__hover_enabled=&#8221;off&#8221; button_two_border_radius__hover_enabled=&#8221;off&#8221; button_letter_spacing__hover_enabled=&#8221;off&#8221; button_one_letter_spacing__hover_enabled=&#8221;off&#8221; button_two_letter_spacing__hover_enabled=&#8221;off&#8221; button_bg_color__hover_enabled=&#8221;off&#8221; button_one_bg_color__hover_enabled=&#8221;off&#8221; button_two_bg_color__hover_enabled=&#8221;off&#8221; theme_builder_area=&#8221;post_content&#8221;][\/et_pb_contact_field][et_pb_contact_field field_id=&#8221;Prenom&#8221; field_title=&#8221;First name&#8221; required_mark=&#8221;off&#8221; _builder_version=&#8221;4.16&#8243; _module_preset=&#8221;default&#8221; global_colors_info=&#8221;{}&#8221; theme_builder_area=&#8221;post_content&#8221;][\/et_pb_contact_field][et_pb_contact_field field_id=&#8221;Societe&#8221; field_title=&#8221;Company&#8221; required_mark=&#8221;off&#8221; _builder_version=&#8221;4.16&#8243; _module_preset=&#8221;default&#8221; global_colors_info=&#8221;{}&#8221; theme_builder_area=&#8221;post_content&#8221;][\/et_pb_contact_field][et_pb_contact_field field_id=&#8221;Telephone&#8221; field_title=&#8221;Phone*&#8221; _builder_version=&#8221;4.16&#8243; _module_preset=&#8221;default&#8221; global_colors_info=&#8221;{}&#8221; theme_builder_area=&#8221;post_content&#8221;][\/et_pb_contact_field][et_pb_contact_field field_id=&#8221;Email&#8221; field_title=&#8221;Email*&#8221; field_type=&#8221;email&#8221; _builder_version=&#8221;4.16&#8243; global_colors_info=&#8221;{}&#8221; button_text_size__hover_enabled=&#8221;off&#8221; button_one_text_size__hover_enabled=&#8221;off&#8221; button_two_text_size__hover_enabled=&#8221;off&#8221; button_text_color__hover_enabled=&#8221;off&#8221; button_one_text_color__hover_enabled=&#8221;off&#8221; button_two_text_color__hover_enabled=&#8221;off&#8221; button_border_width__hover_enabled=&#8221;off&#8221; button_one_border_width__hover_enabled=&#8221;off&#8221; button_two_border_width__hover_enabled=&#8221;off&#8221; button_border_color__hover_enabled=&#8221;off&#8221; button_one_border_color__hover_enabled=&#8221;off&#8221; button_two_border_color__hover_enabled=&#8221;off&#8221; button_border_radius__hover_enabled=&#8221;off&#8221; button_one_border_radius__hover_enabled=&#8221;off&#8221; button_two_border_radius__hover_enabled=&#8221;off&#8221; button_letter_spacing__hover_enabled=&#8221;off&#8221; button_one_letter_spacing__hover_enabled=&#8221;off&#8221; button_two_letter_spacing__hover_enabled=&#8221;off&#8221; button_bg_color__hover_enabled=&#8221;off&#8221; button_one_bg_color__hover_enabled=&#8221;off&#8221; button_two_bg_color__hover_enabled=&#8221;off&#8221; theme_builder_area=&#8221;post_content&#8221;][\/et_pb_contact_field][et_pb_contact_field field_id=&#8221;Message&#8221; field_title=&#8221;Message*&#8221; field_type=&#8221;text&#8221; fullwidth_field=&#8221;on&#8221; _builder_version=&#8221;4.16&#8243; global_colors_info=&#8221;{}&#8221; button_text_size__hover_enabled=&#8221;off&#8221; button_one_text_size__hover_enabled=&#8221;off&#8221; button_two_text_size__hover_enabled=&#8221;off&#8221; button_text_color__hover_enabled=&#8221;off&#8221; button_one_text_color__hover_enabled=&#8221;off&#8221; button_two_text_color__hover_enabled=&#8221;off&#8221; button_border_width__hover_enabled=&#8221;off&#8221; button_one_border_width__hover_enabled=&#8221;off&#8221; button_two_border_width__hover_enabled=&#8221;off&#8221; button_border_color__hover_enabled=&#8221;off&#8221; button_one_border_color__hover_enabled=&#8221;off&#8221; button_two_border_color__hover_enabled=&#8221;off&#8221; button_border_radius__hover_enabled=&#8221;off&#8221; button_one_border_radius__hover_enabled=&#8221;off&#8221; button_two_border_radius__hover_enabled=&#8221;off&#8221; button_letter_spacing__hover_enabled=&#8221;off&#8221; button_one_letter_spacing__hover_enabled=&#8221;off&#8221; button_two_letter_spacing__hover_enabled=&#8221;off&#8221; button_bg_color__hover_enabled=&#8221;off&#8221; button_one_bg_color__hover_enabled=&#8221;off&#8221; button_two_bg_color__hover_enabled=&#8221;off&#8221; theme_builder_area=&#8221;post_content&#8221;][\/et_pb_contact_field][\/et_pb_contact_form][\/et_pb_column][\/et_pb_row][et_pb_row _builder_version=&#8221;4.16&#8243; module_alignment=&#8221;center&#8221; custom_margin=&#8221;30px||0px|||&#8221; custom_padding=&#8221;||0px|||&#8221; global_colors_info=&#8221;{}&#8221; theme_builder_area=&#8221;post_content&#8221;][et_pb_column type=&#8221;4_4&#8243; _builder_version=&#8221;4.16&#8243; custom_padding=&#8221;|||&#8221; global_colors_info=&#8221;{}&#8221; custom_padding__hover=&#8221;|||&#8221; theme_builder_area=&#8221;post_content&#8221;][et_pb_text _builder_version=&#8221;4.16&#8243; global_colors_info=&#8221;{}&#8221; theme_builder_area=&#8221;post_content&#8221;]<\/p>\n<p style=\"text-align: center;\"><a href=\"https:\/\/www.facebook.com\/emma.baus\" target=\"_blank\" rel=\"noopener noreferrer\">Facebook<\/a> | <a href=\"https:\/\/www.instagram.com\/emmabaus66\/\" target=\"_blank\" rel=\"noopener noreferrer\">Instagram<\/a> | <a href=\"https:\/\/vimeo.com\/user5206215\" target=\"_blank\" rel=\"noopener noreferrer\">Vimeo<\/a> | <a href=\"https:\/\/www.imdb.com\/name\/nm8653687\/\" target=\"_blank\" rel=\"noopener noreferrer\">IMDb<\/a> | <a href=\"https:\/\/www.filmsdocumentaires.com\/auteurs\/1528-emma-baus\" target=\"_blank\" rel=\"noopener noreferrer\">VOD France<\/a> | <a href=\"https:\/\/www.amazon.com\/Kittenhood-Emma-Baus\/dp\/B01L0E9P8W\" target=\"_blank\" rel=\"noopener noreferrer\">VOD International<\/a><\/p>\n<p>[\/et_pb_text][\/et_pb_column][\/et_pb_row][\/et_pb_section]<\/p>\n","protected":false},"excerpt":{"rendered":"<p>Emma BausContactFacebook | Instagram | Vimeo | IMDb | VOD France | VOD International<\/p>\n","protected":false},"author":1,"featured_media":0,"parent":0,"menu_order":0,"comment_status":"closed","ping_status":"closed","template":"","meta":{"_et_pb_use_builder":"on","_et_pb_old_content":"","_et_gb_content_width":"","footnotes":""},"class_list":["post-7858","page","type-page","status-publish","hentry"],"yoast_head":"<!-- This site is optimized with the Yoast SEO plugin v27.4 - https:\/\/yoast.com\/product\/yoast-seo-wordpress\/ -->\n<title>Contact - Emma Baus<\/title>\n<meta name=\"description\" content=\"Contact page of Emma Baus, author and director of Nature, Science and Discovery documentaries.\" \/>\n<meta name=\"robots\" content=\"index, follow, max-snippet:-1, max-image-preview:large, max-video-preview:-1\" \/>\n<link rel=\"canonical\" href=\"https:\/\/www.emmabaus.com\/en\/contact\/\" \/>\n<meta property=\"og:locale\" content=\"en_US\" \/>\n<meta property=\"og:type\" content=\"article\" \/>\n<meta property=\"og:title\" content=\"Contact - Emma Baus\" \/>\n<meta property=\"og:description\" content=\"Contact page of Emma Baus, author and director of Nature, Science and Discovery documentaries.\" \/>\n<meta property=\"og:url\" content=\"https:\/\/www.emmabaus.com\/en\/contact\/\" \/>\n<meta property=\"og:site_name\" content=\"Emma Baus\" \/>\n<meta property=\"article:modified_time\" content=\"2024-09-26T15:30:03+00:00\" \/>\n<meta name=\"twitter:card\" content=\"summary_large_image\" \/>\n<meta name=\"twitter:label1\" content=\"Est. reading time\" \/>\n\t<meta name=\"twitter:data1\" content=\"6 minutes\" \/>\n<script type=\"application\/ld+json\" class=\"yoast-schema-graph\">{\"@context\":\"https:\\\/\\\/schema.org\",\"@graph\":[{\"@type\":\"WebPage\",\"@id\":\"https:\\\/\\\/www.emmabaus.com\\\/en\\\/contact\\\/\",\"url\":\"https:\\\/\\\/www.emmabaus.com\\\/en\\\/contact\\\/\",\"name\":\"Contact - Emma Baus\",\"isPartOf\":{\"@id\":\"https:\\\/\\\/www.emmabaus.com\\\/en\\\/#website\"},\"datePublished\":\"2024-09-24T19:48:35+00:00\",\"dateModified\":\"2024-09-26T15:30:03+00:00\",\"description\":\"Contact page of Emma Baus, author and director of Nature, Science and Discovery documentaries.\",\"breadcrumb\":{\"@id\":\"https:\\\/\\\/www.emmabaus.com\\\/en\\\/contact\\\/#breadcrumb\"},\"inLanguage\":\"en-US\",\"potentialAction\":[{\"@type\":\"ReadAction\",\"target\":[\"https:\\\/\\\/www.emmabaus.com\\\/en\\\/contact\\\/\"]}]},{\"@type\":\"BreadcrumbList\",\"@id\":\"https:\\\/\\\/www.emmabaus.com\\\/en\\\/contact\\\/#breadcrumb\",\"itemListElement\":[{\"@type\":\"ListItem\",\"position\":1,\"name\":\"Accueil\",\"item\":\"https:\\\/\\\/www.emmabaus.com\\\/en\\\/\"},{\"@type\":\"ListItem\",\"position\":2,\"name\":\"Contact\"}]},{\"@type\":\"WebSite\",\"@id\":\"https:\\\/\\\/www.emmabaus.com\\\/en\\\/#website\",\"url\":\"https:\\\/\\\/www.emmabaus.com\\\/en\\\/\",\"name\":\"Emma Baus\",\"description\":\"\",\"potentialAction\":[{\"@type\":\"SearchAction\",\"target\":{\"@type\":\"EntryPoint\",\"urlTemplate\":\"https:\\\/\\\/www.emmabaus.com\\\/en\\\/?s={search_term_string}\"},\"query-input\":{\"@type\":\"PropertyValueSpecification\",\"valueRequired\":true,\"valueName\":\"search_term_string\"}}],\"inLanguage\":\"en-US\"}]}<\/script>\n<!-- \/ Yoast SEO plugin. -->","yoast_head_json":{"title":"Contact - Emma Baus","description":"Contact page of Emma Baus, author and director of Nature, Science and Discovery documentaries.","robots":{"index":"index","follow":"follow","max-snippet":"max-snippet:-1","max-image-preview":"max-image-preview:large","max-video-preview":"max-video-preview:-1"},"canonical":"https:\/\/www.emmabaus.com\/en\/contact\/","og_locale":"en_US","og_type":"article","og_title":"Contact - Emma Baus","og_description":"Contact page of Emma Baus, author and director of Nature, Science and Discovery documentaries.","og_url":"https:\/\/www.emmabaus.com\/en\/contact\/","og_site_name":"Emma Baus","article_modified_time":"2024-09-26T15:30:03+00:00","twitter_card":"summary_large_image","twitter_misc":{"Est. reading time":"6 minutes"},"schema":{"@context":"https:\/\/schema.org","@graph":[{"@type":"WebPage","@id":"https:\/\/www.emmabaus.com\/en\/contact\/","url":"https:\/\/www.emmabaus.com\/en\/contact\/","name":"Contact - Emma Baus","isPartOf":{"@id":"https:\/\/www.emmabaus.com\/en\/#website"},"datePublished":"2024-09-24T19:48:35+00:00","dateModified":"2024-09-26T15:30:03+00:00","description":"Contact page of Emma Baus, author and director of Nature, Science and Discovery documentaries.","breadcrumb":{"@id":"https:\/\/www.emmabaus.com\/en\/contact\/#breadcrumb"},"inLanguage":"en-US","potentialAction":[{"@type":"ReadAction","target":["https:\/\/www.emmabaus.com\/en\/contact\/"]}]},{"@type":"BreadcrumbList","@id":"https:\/\/www.emmabaus.com\/en\/contact\/#breadcrumb","itemListElement":[{"@type":"ListItem","position":1,"name":"Accueil","item":"https:\/\/www.emmabaus.com\/en\/"},{"@type":"ListItem","position":2,"name":"Contact"}]},{"@type":"WebSite","@id":"https:\/\/www.emmabaus.com\/en\/#website","url":"https:\/\/www.emmabaus.com\/en\/","name":"Emma Baus","description":"","potentialAction":[{"@type":"SearchAction","target":{"@type":"EntryPoint","urlTemplate":"https:\/\/www.emmabaus.com\/en\/?s={search_term_string}"},"query-input":{"@type":"PropertyValueSpecification","valueRequired":true,"valueName":"search_term_string"}}],"inLanguage":"en-US"}]}},"_links":{"self":[{"href":"https:\/\/www.emmabaus.com\/en\/wp-json\/wp\/v2\/pages\/7858","targetHints":{"allow":["GET"]}}],"collection":[{"href":"https:\/\/www.emmabaus.com\/en\/wp-json\/wp\/v2\/pages"}],"about":[{"href":"https:\/\/www.emmabaus.com\/en\/wp-json\/wp\/v2\/types\/page"}],"author":[{"embeddable":true,"href":"https:\/\/www.emmabaus.com\/en\/wp-json\/wp\/v2\/users\/1"}],"replies":[{"embeddable":true,"href":"https:\/\/www.emmabaus.com\/en\/wp-json\/wp\/v2\/comments?post=7858"}],"version-history":[{"count":2,"href":"https:\/\/www.emmabaus.com\/en\/wp-json\/wp\/v2\/pages\/7858\/revisions"}],"predecessor-version":[{"id":7860,"href":"https:\/\/www.emmabaus.com\/en\/wp-json\/wp\/v2\/pages\/7858\/revisions\/7860"}],"wp:attachment":[{"href":"https:\/\/www.emmabaus.com\/en\/wp-json\/wp\/v2\/media?parent=7858"}],"curies":[{"name":"wp","href":"https:\/\/api.w.org\/{rel}","templated":true}]}}